{"id":3912,"date":"2021-12-07T04:38:35","date_gmt":"2021-12-07T01:38:35","guid":{"rendered":"https:\/\/d-themes.com\/wordpress\/udesign\/dummy\/corporate\/?page_id=2478"},"modified":"2023-11-18T02:47:16","modified_gmt":"2023-11-17T23:47:16","slug":"a-propos-de-nous","status":"publish","type":"page","link":"https:\/\/arkonexpo.com\/fr\/a-propos-de-nous\/","title":{"rendered":"\u00c0 PROPOS DE NOUS"},"content":{"rendered":"\t\t<div data-elementor-type=\"wp-page\" data-elementor-id=\"3912\" class=\"elementor elementor-3912\">\n\t\t\t\t\t\t\t<div class=\"elementor-element elementor-element-7a2ca8a e-flex e-con-boxed e-con e-parent\" data-id=\"7a2ca8a\" data-element_type=\"container\" data-settings=\"{&quot;content_width&quot;:&quot;boxed&quot;}\" data-core-v316-plus=\"true\">\n\t\t\t\t\t<div class=\"e-con-inner\">\n\t\t\t\t<div class=\"elementor-element elementor-element-2bd3d0a elementor-widget elementor-widget-text-editor\" data-id=\"2bd3d0a\" data-element_type=\"widget\" data-widget_type=\"text-editor.default\">\n\t\t\t\t<div class=\"elementor-widget-container\">\n\t\t\t<style>\/*! elementor - v3.17.0 - 01-11-2023 *\/\n.elementor-widget-text-editor.elementor-drop-cap-view-stacked .elementor-drop-cap{background-color:#69727d;color:#fff}.elementor-widget-text-editor.elementor-drop-cap-view-framed .elementor-drop-cap{color:#69727d;border:3px solid;background-color:transparent}.elementor-widget-text-editor:not(.elementor-drop-cap-view-default) .elementor-drop-cap{margin-top:8px}.elementor-widget-text-editor:not(.elementor-drop-cap-view-default) .elementor-drop-cap-letter{width:1em;height:1em}.elementor-widget-text-editor .elementor-drop-cap{float:left;text-align:center;line-height:1;font-size:50px}.elementor-widget-text-editor .elementor-drop-cap-letter{display:inline-block}<\/style>\t\t\t\t<p>Gr\u00e2ce \u00e0 notre approche de service professionnel, nous offrons une solution et un service complets dans les foires, conf\u00e9rences, expositions, promotions et autres organisations en Allemagne et partout dans le monde. Nous travaillons avec beaucoup de soin et de minutie pour faire notre travail de la meilleure fa\u00e7on possible et satisfaire nos pr\u00e9cieux clients comme vous.<\/p><p>Nous sommes l\u00e0 pour vous proposer les meilleures solutions pour vos besoins en mati\u00e8re de conception de stands et d\u2019applications dans les organisations de salons. Nous proposons \u00e0 nos clients des conceptions de stands fonctionnels et de la plus haute qualit\u00e9 pour la location ou la vente. Tandis que notre \u00e9quipe de concepteurs professionnels r\u00e9alise avec succ\u00e8s des conceptions originales de supports de syst\u00e8me, notre \u00e9quipe exp\u00e9riment\u00e9e termine la fabrication et les applications dans les d\u00e9lais et avec une haute qualit\u00e9.<\/p><p>La satisfaction du client est notre priorite. Nous nous effor\u00e7ons de fournir des solutions sur mesure \u00e0 nos clients, en nous concentrant sur les besoins et demandes uniques de chaque organisation. Nous travaillons en \u00e9troite collaboration avec vous afin de pouvoir effectuer notre travail de la meilleure fa\u00e7on possible et nous prenons soin de comprendre et de r\u00e9pondre \u00e0 vos attentes.<\/p><p>Gr\u00e2ce \u00e0 notre exp\u00e9rience et notre expertise, nous prenons toutes les mesures n\u00e9cessaires pour soutenir vos organisations prosp\u00e8res. En \u00e9quipe, nous proposons des id\u00e9es innovantes et des solutions cr\u00e9atives pour rendre vos \u00e9v\u00e9nements parfaits et attirer les participants. Avec notre approche professionnelle, nous vous accompagnons \u00e0 chaque \u00e9tape du processus d\u2019organisation et nous effor\u00e7ons de vous assurer une enti\u00e8re satisfaction.<\/p><p>Nous nous am\u00e9liorons constamment pour fournir le meilleur service \u00e0 nos pr\u00e9cieux clients. Nous faisons notre travail avec passion, suivons les derni\u00e8res tendances et suivons de pr\u00e8s les innovations de l\u2019industrie. Nous fournissons toutes les ressources n\u00e9cessaires pour vous offrir la meilleure conception, application et services de stand.<\/p><p>Nous sommes impatients de travailler ensemble pour transformer vos foires, conf\u00e9rences, expositions, promotions et autres organisations en une exp\u00e9rience inoubliable. Nous attendons de vous que vous nous choisissiez pour voir la diff\u00e9rence que vous apportera le fait de faire affaire avec nous.<\/p><div><br><\/div>\t\t\t\t\t\t<\/div>\n\t\t\t\t<\/div>\n\t\t\t\t\t<\/div>\n\t\t\t\t<\/div>\n\t\t\t\t\t\t\t<\/div>\n\t\t","protected":false},"excerpt":{"rendered":"<p>Gr\u00e2ce \u00e0 notre approche de service professionnel, nous offrons une solution et un service complets dans les foires, conf\u00e9rences, expositions, promotions et autres organisations en Allemagne et partout dans le monde. Nous travaillons avec beaucoup de soin et de minutie pour faire notre travail de la meilleure fa\u00e7on possible et satisfaire nos pr\u00e9cieux clients comme [&hellip;]<\/p>\n","protected":false},"author":1,"featured_media":0,"parent":0,"menu_order":0,"comment_status":"closed","ping_status":"closed","template":"","meta":{"footnotes":""},"class_list":["post-3912","page","type-page","status-publish","hentry"],"aioseo_notices":[],"_links":{"self":[{"href":"https:\/\/arkonexpo.com\/fr\/wp-json\/wp\/v2\/pages\/3912","targetHints":{"allow":["GET"]}}],"collection":[{"href":"https:\/\/arkonexpo.com\/fr\/wp-json\/wp\/v2\/pages"}],"about":[{"href":"https:\/\/arkonexpo.com\/fr\/wp-json\/wp\/v2\/types\/page"}],"author":[{"embeddable":true,"href":"https:\/\/arkonexpo.com\/fr\/wp-json\/wp\/v2\/users\/1"}],"replies":[{"embeddable":true,"href":"https:\/\/arkonexpo.com\/fr\/wp-json\/wp\/v2\/comments?post=3912"}],"version-history":[{"count":13,"href":"https:\/\/arkonexpo.com\/fr\/wp-json\/wp\/v2\/pages\/3912\/revisions"}],"predecessor-version":[{"id":4192,"href":"https:\/\/arkonexpo.com\/fr\/wp-json\/wp\/v2\/pages\/3912\/revisions\/4192"}],"wp:attachment":[{"href":"https:\/\/arkonexpo.com\/fr\/wp-json\/wp\/v2\/media?parent=3912"}],"curies":[{"name":"wp","href":"https:\/\/api.w.org\/{rel}","templated":true}]}}